{"id":4801,"date":"2021-08-12T18:39:52","date_gmt":"2021-08-12T16:39:52","guid":{"rendered":"https:\/\/ignisart.eu\/?page_id=4801"},"modified":"2021-08-16T16:06:35","modified_gmt":"2021-08-16T14:06:35","slug":"work","status":"publish","type":"page","link":"https:\/\/ignisart.eu\/hr\/work\/","title":{"rendered":"Radovi"},"content":{"rendered":"<div data-elementor-type=\"wp-page\" data-elementor-id=\"4801\" class=\"elementor elementor-4801\">\n\t\t\t\t\t\t<section class=\"elementor-section elementor-top-section elementor-element elementor-element-d373034 elementor-section-boxed elementor-section-height-default elementor-section-height-default\" data-id=\"d373034\" data-element_type=\"section\" data-settings=\"{&quot;background_background&quot;:&quot;classic&quot;}\">\n\t\t\t\t\t\t<div class=\"elementor-container elementor-column-gap-default\">\n\t\t\t\t\t<div class=\"elementor-column elementor-col-100 elementor-top-column elementor-element elementor-element-ac487ab ot-flex-column-vertical\" data-id=\"ac487ab\" data-element_type=\"column\">\n\t\t\t<div class=\"elementor-widget-wrap elementor-element-populated\">\n\t\t\t\t\t\t<div class=\"elementor-element elementor-element-6601903 elementor-widget elementor-widget-ipfilter\" data-id=\"6601903\" data-element_type=\"widget\" data-widget_type=\"ipfilter.default\">\n\t\t\t\t<div class=\"elementor-widget-container\">\n\t\t\t\t\t\r\n\t\t<div class=\"project-filter-wrapper\">\r\n\t\t\t\t\t\t\t        <div class=\"projects-grid pf_3_cols style-1 img-scale w-auto\" data-load=\"3\" data-count=\"6\">\r\n\t\t\t<div class=\"grid-sizer\"><\/div>\r\n\t            \r\n<div class=\"project-item category-30\">\r\n\t<div class=\"projects-box\">\r\n\t\t<div class=\"projects-thumbnail\" data-src=\"https:\/\/ignisart.eu\/wp-content\/uploads\/2021\/08\/Sav-features.jpg\" data-sub-html=\"Teo Gr\u010di\u0107 &#8211; \u0160av\">\r\n\t\t\t<a href=\"https:\/\/ignisart.eu\/hr\/portfolio\/teo-grcic-sav\/\">\r\n\t\t\t\t<img fetchpriority=\"high\" decoding=\"async\" width=\"720\" height=\"720\" src=\"https:\/\/ignisart.eu\/wp-content\/uploads\/2021\/08\/Sav-features-720x720.jpg\" class=\"attachment-theratio-portfolio-thumbnail-grid size-theratio-portfolio-thumbnail-grid wp-post-image\" alt=\"\" srcset=\"https:\/\/ignisart.eu\/wp-content\/uploads\/2021\/08\/Sav-features-720x720.jpg 720w, https:\/\/ignisart.eu\/wp-content\/uploads\/2021\/08\/Sav-features-150x150.jpg 150w\" sizes=\"(max-width: 720px) 100vw, 720px\" \/>\t\t\t<\/a>\r\n\t\t\t\r\n\t\t\t<span class=\"overlay\">\r\n\t\t\t\t<h5>Teo Gr\u010di\u0107 &#8211; \u0160av<\/h5>\r\n\t\t\t\t<i class=\"ot-flaticon-add\"><\/i>\r\n\t\t\t<\/span>\r\n\t\t<\/div>\r\n\t\t<div class=\"portfolio-info\">\r\n\t\t\t<div class=\"portfolio-info-inner\">\r\n\t\t\t\t<h5><a class=\"title-link\" href=\"https:\/\/ignisart.eu\/hr\/portfolio\/teo-grcic-sav\/\">Teo Gr\u010di\u0107 &#8211; \u0160av<\/a><\/h5>\r\n\t\t\t\t<p class=\"portfolio-cates\"><a href=\"https:\/\/ignisart.eu\/hr\/portfolio-category\/music-video\/\">Music video<\/a><\/p> \r\n\t\t\t<\/div>\r\n\t\t\t<a class=\"overlay\" href=\"https:\/\/ignisart.eu\/hr\/portfolio\/teo-grcic-sav\/\"><\/a>\r\n\t\t<\/div>\r\n\t<\/div>\r\n<\/div>\r\n<div class=\"project-item category-30\">\r\n\t<div class=\"projects-box\">\r\n\t\t<div class=\"projects-thumbnail\" data-src=\"https:\/\/ignisart.eu\/wp-content\/uploads\/2021\/08\/Cuvam-te-features-1.jpg\" data-sub-html=\"Teo Gr\u010di\u0107 &#8211; \u010cuvam te\">\r\n\t\t\t<a href=\"https:\/\/ignisart.eu\/hr\/portfolio\/teo-grcic-cuvam-te\/\">\r\n\t\t\t\t<img decoding=\"async\" width=\"720\" height=\"720\" src=\"https:\/\/ignisart.eu\/wp-content\/uploads\/2021\/08\/Cuvam-te-features-1-720x720.jpg\" class=\"attachment-theratio-portfolio-thumbnail-grid size-theratio-portfolio-thumbnail-grid wp-post-image\" alt=\"\" srcset=\"https:\/\/ignisart.eu\/wp-content\/uploads\/2021\/08\/Cuvam-te-features-1-720x720.jpg 720w, https:\/\/ignisart.eu\/wp-content\/uploads\/2021\/08\/Cuvam-te-features-1-150x150.jpg 150w\" sizes=\"(max-width: 720px) 100vw, 720px\" \/>\t\t\t<\/a>\r\n\t\t\t\r\n\t\t\t<span class=\"overlay\">\r\n\t\t\t\t<h5>Teo Gr\u010di\u0107 &#8211; \u010cuvam te<\/h5>\r\n\t\t\t\t<i class=\"ot-flaticon-add\"><\/i>\r\n\t\t\t<\/span>\r\n\t\t<\/div>\r\n\t\t<div class=\"portfolio-info\">\r\n\t\t\t<div class=\"portfolio-info-inner\">\r\n\t\t\t\t<h5><a class=\"title-link\" href=\"https:\/\/ignisart.eu\/hr\/portfolio\/teo-grcic-cuvam-te\/\">Teo Gr\u010di\u0107 &#8211; \u010cuvam te<\/a><\/h5>\r\n\t\t\t\t<p class=\"portfolio-cates\"><a href=\"https:\/\/ignisart.eu\/hr\/portfolio-category\/music-video\/\">Music video<\/a><\/p> \r\n\t\t\t<\/div>\r\n\t\t\t<a class=\"overlay\" href=\"https:\/\/ignisart.eu\/hr\/portfolio\/teo-grcic-cuvam-te\/\"><\/a>\r\n\t\t<\/div>\r\n\t<\/div>\r\n<\/div>\r\n<div class=\"project-item category-30\">\r\n\t<div class=\"projects-box\">\r\n\t\t<div class=\"projects-thumbnail\" data-src=\"https:\/\/ignisart.eu\/wp-content\/uploads\/2021\/08\/Ti-features.jpg\" data-sub-html=\"Teo Gr\u010di\u0107 &#8211; Ti\">\r\n\t\t\t<a href=\"https:\/\/ignisart.eu\/hr\/portfolio\/teo-grcic-ti\/\">\r\n\t\t\t\t<img decoding=\"async\" width=\"720\" height=\"720\" src=\"https:\/\/ignisart.eu\/wp-content\/uploads\/2021\/08\/Ti-features-720x720.jpg\" class=\"attachment-theratio-portfolio-thumbnail-grid size-theratio-portfolio-thumbnail-grid wp-post-image\" alt=\"\" srcset=\"https:\/\/ignisart.eu\/wp-content\/uploads\/2021\/08\/Ti-features-720x720.jpg 720w, https:\/\/ignisart.eu\/wp-content\/uploads\/2021\/08\/Ti-features-150x150.jpg 150w\" sizes=\"(max-width: 720px) 100vw, 720px\" \/>\t\t\t<\/a>\r\n\t\t\t\r\n\t\t\t<span class=\"overlay\">\r\n\t\t\t\t<h5>Teo Gr\u010di\u0107 &#8211; Ti<\/h5>\r\n\t\t\t\t<i class=\"ot-flaticon-add\"><\/i>\r\n\t\t\t<\/span>\r\n\t\t<\/div>\r\n\t\t<div class=\"portfolio-info\">\r\n\t\t\t<div class=\"portfolio-info-inner\">\r\n\t\t\t\t<h5><a class=\"title-link\" href=\"https:\/\/ignisart.eu\/hr\/portfolio\/teo-grcic-ti\/\">Teo Gr\u010di\u0107 &#8211; Ti<\/a><\/h5>\r\n\t\t\t\t<p class=\"portfolio-cates\"><a href=\"https:\/\/ignisart.eu\/hr\/portfolio-category\/music-video\/\">Music video<\/a><\/p> \r\n\t\t\t<\/div>\r\n\t\t\t<a class=\"overlay\" href=\"https:\/\/ignisart.eu\/hr\/portfolio\/teo-grcic-ti\/\"><\/a>\r\n\t\t<\/div>\r\n\t<\/div>\r\n<\/div>\r\n<div class=\"project-item category-30\">\r\n\t<div class=\"projects-box\">\r\n\t\t<div class=\"projects-thumbnail\" data-src=\"https:\/\/ignisart.eu\/wp-content\/uploads\/2021\/08\/Tragovi-1.jpg\" data-sub-html=\"Teo Gr\u010di\u0107 &#8211; Tragovi\">\r\n\t\t\t<a href=\"https:\/\/ignisart.eu\/hr\/portfolio\/teo-grcic-tragovi\/\">\r\n\t\t\t\t<img loading=\"lazy\" decoding=\"async\" width=\"720\" height=\"720\" src=\"https:\/\/ignisart.eu\/wp-content\/uploads\/2021\/08\/Tragovi-1-720x720.jpg\" class=\"attachment-theratio-portfolio-thumbnail-grid size-theratio-portfolio-thumbnail-grid wp-post-image\" alt=\"\" srcset=\"https:\/\/ignisart.eu\/wp-content\/uploads\/2021\/08\/Tragovi-1-720x720.jpg 720w, https:\/\/ignisart.eu\/wp-content\/uploads\/2021\/08\/Tragovi-1-150x150.jpg 150w\" sizes=\"(max-width: 720px) 100vw, 720px\" \/>\t\t\t<\/a>\r\n\t\t\t\r\n\t\t\t<span class=\"overlay\">\r\n\t\t\t\t<h5>Teo Gr\u010di\u0107 &#8211; Tragovi<\/h5>\r\n\t\t\t\t<i class=\"ot-flaticon-add\"><\/i>\r\n\t\t\t<\/span>\r\n\t\t<\/div>\r\n\t\t<div class=\"portfolio-info\">\r\n\t\t\t<div class=\"portfolio-info-inner\">\r\n\t\t\t\t<h5><a class=\"title-link\" href=\"https:\/\/ignisart.eu\/hr\/portfolio\/teo-grcic-tragovi\/\">Teo Gr\u010di\u0107 &#8211; Tragovi<\/a><\/h5>\r\n\t\t\t\t<p class=\"portfolio-cates\"><a href=\"https:\/\/ignisart.eu\/hr\/portfolio-category\/music-video\/\">Music video<\/a><\/p> \r\n\t\t\t<\/div>\r\n\t\t\t<a class=\"overlay\" href=\"https:\/\/ignisart.eu\/hr\/portfolio\/teo-grcic-tragovi\/\"><\/a>\r\n\t\t<\/div>\r\n\t<\/div>\r\n<\/div>\r\n<div class=\"project-item category-30\">\r\n\t<div class=\"projects-box\">\r\n\t\t<div class=\"projects-thumbnail\" data-src=\"https:\/\/ignisart.eu\/wp-content\/uploads\/2021\/08\/Vudric-features.jpg\" data-sub-html=\"Karlo Vudri\u0107 &#8211; Ne pu\u0161i jugo\">\r\n\t\t\t<a href=\"https:\/\/ignisart.eu\/hr\/portfolio\/karlo-vudric-ne-pusi-jugo\/\">\r\n\t\t\t\t<img loading=\"lazy\" decoding=\"async\" width=\"720\" height=\"720\" src=\"https:\/\/ignisart.eu\/wp-content\/uploads\/2021\/08\/Vudric-features-720x720.jpg\" class=\"attachment-theratio-portfolio-thumbnail-grid size-theratio-portfolio-thumbnail-grid wp-post-image\" alt=\"\" srcset=\"https:\/\/ignisart.eu\/wp-content\/uploads\/2021\/08\/Vudric-features-720x720.jpg 720w, https:\/\/ignisart.eu\/wp-content\/uploads\/2021\/08\/Vudric-features-150x150.jpg 150w\" sizes=\"(max-width: 720px) 100vw, 720px\" \/>\t\t\t<\/a>\r\n\t\t\t\r\n\t\t\t<span class=\"overlay\">\r\n\t\t\t\t<h5>Karlo Vudri\u0107 &#8211; Ne pu\u0161i jugo<\/h5>\r\n\t\t\t\t<i class=\"ot-flaticon-add\"><\/i>\r\n\t\t\t<\/span>\r\n\t\t<\/div>\r\n\t\t<div class=\"portfolio-info\">\r\n\t\t\t<div class=\"portfolio-info-inner\">\r\n\t\t\t\t<h5><a class=\"title-link\" href=\"https:\/\/ignisart.eu\/hr\/portfolio\/karlo-vudric-ne-pusi-jugo\/\">Karlo Vudri\u0107 &#8211; Ne pu\u0161i jugo<\/a><\/h5>\r\n\t\t\t\t<p class=\"portfolio-cates\"><a href=\"https:\/\/ignisart.eu\/hr\/portfolio-category\/music-video\/\">Music video<\/a><\/p> \r\n\t\t\t<\/div>\r\n\t\t\t<a class=\"overlay\" href=\"https:\/\/ignisart.eu\/hr\/portfolio\/karlo-vudric-ne-pusi-jugo\/\"><\/a>\r\n\t\t<\/div>\r\n\t<\/div>\r\n<\/div>\r\n<div class=\"project-item category-31\">\r\n\t<div class=\"projects-box\">\r\n\t\t<div class=\"projects-thumbnail\" data-src=\"https:\/\/ignisart.eu\/wp-content\/uploads\/2021\/08\/Borik2-features.jpg\" data-sub-html=\"Beach party\">\r\n\t\t\t<a href=\"https:\/\/ignisart.eu\/hr\/portfolio\/borik-beach-bar-restaurant-beach-party\/\">\r\n\t\t\t\t<img loading=\"lazy\" decoding=\"async\" width=\"720\" height=\"720\" src=\"https:\/\/ignisart.eu\/wp-content\/uploads\/2021\/08\/Borik2-features-720x720.jpg\" class=\"attachment-theratio-portfolio-thumbnail-grid size-theratio-portfolio-thumbnail-grid wp-post-image\" alt=\"\" srcset=\"https:\/\/ignisart.eu\/wp-content\/uploads\/2021\/08\/Borik2-features-720x720.jpg 720w, https:\/\/ignisart.eu\/wp-content\/uploads\/2021\/08\/Borik2-features-150x150.jpg 150w\" sizes=\"(max-width: 720px) 100vw, 720px\" \/>\t\t\t<\/a>\r\n\t\t\t\r\n\t\t\t<span class=\"overlay\">\r\n\t\t\t\t<h5>Beach party<\/h5>\r\n\t\t\t\t<i class=\"ot-flaticon-add\"><\/i>\r\n\t\t\t<\/span>\r\n\t\t<\/div>\r\n\t\t<div class=\"portfolio-info\">\r\n\t\t\t<div class=\"portfolio-info-inner\">\r\n\t\t\t\t<h5><a class=\"title-link\" href=\"https:\/\/ignisart.eu\/hr\/portfolio\/borik-beach-bar-restaurant-beach-party\/\">Beach party<\/a><\/h5>\r\n\t\t\t\t<p class=\"portfolio-cates\"><a href=\"https:\/\/ignisart.eu\/hr\/portfolio-category\/aftermovie\/\">Aftermovie<\/a><\/p> \r\n\t\t\t<\/div>\r\n\t\t\t<a class=\"overlay\" href=\"https:\/\/ignisart.eu\/hr\/portfolio\/borik-beach-bar-restaurant-beach-party\/\"><\/a>\r\n\t\t<\/div>\r\n\t<\/div>\r\n<\/div>\t\t\t<\/div>\r\n\r\n\t\t\t\t    <\/div>\r\n\t\t\t\t\t\t\t\t\t\t\r\n\t    \t\t\t\t<\/div>\n\t\t\t\t<\/div>\n\t\t\t\t\t<\/div>\n\t\t<\/div>\n\t\t\t\t\t<\/div>\n\t\t<\/section>\n\t\t\t\t<\/div>","protected":false},"excerpt":{"rendered":"<p>Artistic photography Artistic photography Personal project Teo Gr\u010di\u0107 &#8211; \u0160av Teo Gr\u010di\u0107 &#8211; \u0160av Music video Karlo Vudri\u0107 &#8211; Ne pu\u0161i jugo Karlo Vudri\u0107 &#8211; Ne pu\u0161i jugo Music video [&hellip;]<\/p>","protected":false},"author":1,"featured_media":0,"parent":0,"menu_order":0,"comment_status":"closed","ping_status":"closed","template":"","meta":{"footnotes":""},"class_list":["post-4801","page","type-page","status-publish","hentry"],"_links":{"self":[{"href":"https:\/\/ignisart.eu\/hr\/wp-json\/wp\/v2\/pages\/4801","targetHints":{"allow":["GET"]}}],"collection":[{"href":"https:\/\/ignisart.eu\/hr\/wp-json\/wp\/v2\/pages"}],"about":[{"href":"https:\/\/ignisart.eu\/hr\/wp-json\/wp\/v2\/types\/page"}],"author":[{"embeddable":true,"href":"https:\/\/ignisart.eu\/hr\/wp-json\/wp\/v2\/users\/1"}],"replies":[{"embeddable":true,"href":"https:\/\/ignisart.eu\/hr\/wp-json\/wp\/v2\/comments?post=4801"}],"version-history":[{"count":19,"href":"https:\/\/ignisart.eu\/hr\/wp-json\/wp\/v2\/pages\/4801\/revisions"}],"predecessor-version":[{"id":5032,"href":"https:\/\/ignisart.eu\/hr\/wp-json\/wp\/v2\/pages\/4801\/revisions\/5032"}],"wp:attachment":[{"href":"https:\/\/ignisart.eu\/hr\/wp-json\/wp\/v2\/media?parent=4801"}],"curies":[{"name":"wp","href":"https:\/\/api.w.org\/{rel}","templated":true}]}}