{"id":4194,"date":"2020-07-17T04:54:07","date_gmt":"2020-07-17T04:54:07","guid":{"rendered":"http:\/\/wpdemo.archiwp.com\/theratio\/?page_id=4194"},"modified":"2020-07-17T04:54:07","modified_gmt":"2020-07-17T04:54:07","slug":"portfolio-slider","status":"publish","type":"page","link":"https:\/\/ignisart.eu\/hr\/portfolio-slider\/","title":{"rendered":"Portfolio Slider"},"content":{"rendered":"<div data-elementor-type=\"wp-page\" data-elementor-id=\"4194\" class=\"elementor elementor-4194\">\n\t\t\t\t\t\t<section class=\"elementor-section elementor-top-section elementor-element elementor-element-1c8c6a5 elementor-section-boxed elementor-section-height-default elementor-section-height-default\" data-id=\"1c8c6a5\" data-element_type=\"section\">\n\t\t\t\t\t\t<div class=\"elementor-container elementor-column-gap-default\">\n\t\t\t\t\t<div class=\"elementor-column elementor-col-100 elementor-top-column elementor-element elementor-element-90188a7 ot-flex-column-vertical\" data-id=\"90188a7\" data-element_type=\"column\">\n\t\t\t<div class=\"elementor-widget-wrap elementor-element-populated\">\n\t\t\t\t\t\t<div class=\"elementor-element elementor-element-3cdaf56 theratio-align-center elementor-widget elementor-widget-iheading\" data-id=\"3cdaf56\" data-element_type=\"widget\" data-widget_type=\"iheading.default\">\n\t\t\t\t<div class=\"elementor-widget-container\">\n\t\t\t\t\t\t\t<div class=\"ot-heading is-dots\">\r\n\t        \t            <span>[ our portfolio ]<\/span>\r\n\t        \t        <h2 class=\"main-heading\">Some of Our Works<br>  and Case Studies for Clients<\/h2>\r\n\t        \t    <\/div>\r\n\t    \t\t\t\t<\/div>\n\t\t\t\t<\/div>\n\t\t\t\t<div class=\"elementor-element elementor-element-fc36588 elementor-widget elementor-widget-irprojects\" data-id=\"fc36588\" data-element_type=\"widget\" data-widget_type=\"irprojects.default\">\n\t\t\t\t<div class=\"elementor-widget-container\">\n\t\t\t\t\t\t\t<div class=\"project-slider projects-grid swiper-container style-1 img-scale\"  data-show=\"3\" data-show-tablet=\"\" data-show-mobile=\"\" data-scroll=\"\" data-scroll-tablet=\"\" data-scroll-mobile=\"\" data-gaps=\"\" data-gaps-tablet=\"\" data-gaps-mobile=\"\">\r\n\t\t\t<div class=\"swiper-wrapper\">\r\n\t\t\t\t<div class=\"project-items swiper-slide\">\r\n\t<div class=\"projects-box\">\r\n\t\t<div class=\"projects-thumbnail\">\r\n\t\t\t<a href=\"https:\/\/ignisart.eu\/hr\/portfolio\/teo-grcic-sav\/\">\r\n\t\t\t\t<img fetchpriority=\"high\" decoding=\"async\" width=\"720\" height=\"720\" src=\"https:\/\/ignisart.eu\/wp-content\/uploads\/2021\/08\/Sav-features-720x720.jpg\" class=\"attachment-theratio-portfolio-thumbnail-grid size-theratio-portfolio-thumbnail-grid wp-post-image\" alt=\"\" srcset=\"https:\/\/ignisart.eu\/wp-content\/uploads\/2021\/08\/Sav-features-720x720.jpg 720w, https:\/\/ignisart.eu\/wp-content\/uploads\/2021\/08\/Sav-features-150x150.jpg 150w\" sizes=\"(max-width: 720px) 100vw, 720px\" \/>\t\t\t<\/a>\r\n\t\t\t<span class=\"overlay\"><i class=\"ot-flaticon-add\"><\/i><\/span>\r\n\t\t<\/div>\r\n\t\t<div class=\"portfolio-info\">\r\n\t\t\t<div class=\"portfolio-info-inner\">\r\n\t\t\t\t<h5><a class=\"title-link\" href=\"https:\/\/ignisart.eu\/hr\/portfolio\/teo-grcic-sav\/\">Teo Gr\u010di\u0107 &#8211; \u0160av<\/a><\/h5>\r\n\t\t\t\t<p class=\"portfolio-cates\"><a href=\"https:\/\/ignisart.eu\/hr\/portfolio-category\/music-video\/\">Music video<\/a><\/p> \r\n\t\t\t<\/div>\r\n\t\t\t<a class=\"overlay\" href=\"https:\/\/ignisart.eu\/hr\/portfolio\/teo-grcic-sav\/\"><\/a>\r\n\t\t<\/div>\r\n\t<\/div>\r\n<\/div><div class=\"project-items swiper-slide\">\r\n\t<div class=\"projects-box\">\r\n\t\t<div class=\"projects-thumbnail\">\r\n\t\t\t<a href=\"https:\/\/ignisart.eu\/hr\/portfolio\/teo-grcic-cuvam-te\/\">\r\n\t\t\t\t<img decoding=\"async\" width=\"720\" height=\"720\" src=\"https:\/\/ignisart.eu\/wp-content\/uploads\/2021\/08\/Cuvam-te-features-1-720x720.jpg\" class=\"attachment-theratio-portfolio-thumbnail-grid size-theratio-portfolio-thumbnail-grid wp-post-image\" alt=\"\" srcset=\"https:\/\/ignisart.eu\/wp-content\/uploads\/2021\/08\/Cuvam-te-features-1-720x720.jpg 720w, https:\/\/ignisart.eu\/wp-content\/uploads\/2021\/08\/Cuvam-te-features-1-150x150.jpg 150w\" sizes=\"(max-width: 720px) 100vw, 720px\" \/>\t\t\t<\/a>\r\n\t\t\t<span class=\"overlay\"><i class=\"ot-flaticon-add\"><\/i><\/span>\r\n\t\t<\/div>\r\n\t\t<div class=\"portfolio-info\">\r\n\t\t\t<div class=\"portfolio-info-inner\">\r\n\t\t\t\t<h5><a class=\"title-link\" href=\"https:\/\/ignisart.eu\/hr\/portfolio\/teo-grcic-cuvam-te\/\">Teo Gr\u010di\u0107 &#8211; \u010cuvam te<\/a><\/h5>\r\n\t\t\t\t<p class=\"portfolio-cates\"><a href=\"https:\/\/ignisart.eu\/hr\/portfolio-category\/music-video\/\">Music video<\/a><\/p> \r\n\t\t\t<\/div>\r\n\t\t\t<a class=\"overlay\" href=\"https:\/\/ignisart.eu\/hr\/portfolio\/teo-grcic-cuvam-te\/\"><\/a>\r\n\t\t<\/div>\r\n\t<\/div>\r\n<\/div><div class=\"project-items swiper-slide\">\r\n\t<div class=\"projects-box\">\r\n\t\t<div class=\"projects-thumbnail\">\r\n\t\t\t<a href=\"https:\/\/ignisart.eu\/hr\/portfolio\/teo-grcic-ti\/\">\r\n\t\t\t\t<img decoding=\"async\" width=\"720\" height=\"720\" src=\"https:\/\/ignisart.eu\/wp-content\/uploads\/2021\/08\/Ti-features-720x720.jpg\" class=\"attachment-theratio-portfolio-thumbnail-grid size-theratio-portfolio-thumbnail-grid wp-post-image\" alt=\"\" srcset=\"https:\/\/ignisart.eu\/wp-content\/uploads\/2021\/08\/Ti-features-720x720.jpg 720w, https:\/\/ignisart.eu\/wp-content\/uploads\/2021\/08\/Ti-features-150x150.jpg 150w\" sizes=\"(max-width: 720px) 100vw, 720px\" \/>\t\t\t<\/a>\r\n\t\t\t<span class=\"overlay\"><i class=\"ot-flaticon-add\"><\/i><\/span>\r\n\t\t<\/div>\r\n\t\t<div class=\"portfolio-info\">\r\n\t\t\t<div class=\"portfolio-info-inner\">\r\n\t\t\t\t<h5><a class=\"title-link\" href=\"https:\/\/ignisart.eu\/hr\/portfolio\/teo-grcic-ti\/\">Teo Gr\u010di\u0107 &#8211; Ti<\/a><\/h5>\r\n\t\t\t\t<p class=\"portfolio-cates\"><a href=\"https:\/\/ignisart.eu\/hr\/portfolio-category\/music-video\/\">Music video<\/a><\/p> \r\n\t\t\t<\/div>\r\n\t\t\t<a class=\"overlay\" href=\"https:\/\/ignisart.eu\/hr\/portfolio\/teo-grcic-ti\/\"><\/a>\r\n\t\t<\/div>\r\n\t<\/div>\r\n<\/div><div class=\"project-items swiper-slide\">\r\n\t<div class=\"projects-box\">\r\n\t\t<div class=\"projects-thumbnail\">\r\n\t\t\t<a href=\"https:\/\/ignisart.eu\/hr\/portfolio\/teo-grcic-tragovi\/\">\r\n\t\t\t\t<img loading=\"lazy\" decoding=\"async\" width=\"720\" height=\"720\" src=\"https:\/\/ignisart.eu\/wp-content\/uploads\/2021\/08\/Tragovi-1-720x720.jpg\" class=\"attachment-theratio-portfolio-thumbnail-grid size-theratio-portfolio-thumbnail-grid wp-post-image\" alt=\"\" srcset=\"https:\/\/ignisart.eu\/wp-content\/uploads\/2021\/08\/Tragovi-1-720x720.jpg 720w, https:\/\/ignisart.eu\/wp-content\/uploads\/2021\/08\/Tragovi-1-150x150.jpg 150w\" sizes=\"(max-width: 720px) 100vw, 720px\" \/>\t\t\t<\/a>\r\n\t\t\t<span class=\"overlay\"><i class=\"ot-flaticon-add\"><\/i><\/span>\r\n\t\t<\/div>\r\n\t\t<div class=\"portfolio-info\">\r\n\t\t\t<div class=\"portfolio-info-inner\">\r\n\t\t\t\t<h5><a class=\"title-link\" href=\"https:\/\/ignisart.eu\/hr\/portfolio\/teo-grcic-tragovi\/\">Teo Gr\u010di\u0107 &#8211; Tragovi<\/a><\/h5>\r\n\t\t\t\t<p class=\"portfolio-cates\"><a href=\"https:\/\/ignisart.eu\/hr\/portfolio-category\/music-video\/\">Music video<\/a><\/p> \r\n\t\t\t<\/div>\r\n\t\t\t<a class=\"overlay\" href=\"https:\/\/ignisart.eu\/hr\/portfolio\/teo-grcic-tragovi\/\"><\/a>\r\n\t\t<\/div>\r\n\t<\/div>\r\n<\/div><div class=\"project-items swiper-slide\">\r\n\t<div class=\"projects-box\">\r\n\t\t<div class=\"projects-thumbnail\">\r\n\t\t\t<a href=\"https:\/\/ignisart.eu\/hr\/portfolio\/karlo-vudric-ne-pusi-jugo\/\">\r\n\t\t\t\t<img loading=\"lazy\" decoding=\"async\" width=\"720\" height=\"720\" src=\"https:\/\/ignisart.eu\/wp-content\/uploads\/2021\/08\/Vudric-features-720x720.jpg\" class=\"attachment-theratio-portfolio-thumbnail-grid size-theratio-portfolio-thumbnail-grid wp-post-image\" alt=\"\" srcset=\"https:\/\/ignisart.eu\/wp-content\/uploads\/2021\/08\/Vudric-features-720x720.jpg 720w, https:\/\/ignisart.eu\/wp-content\/uploads\/2021\/08\/Vudric-features-150x150.jpg 150w\" sizes=\"(max-width: 720px) 100vw, 720px\" \/>\t\t\t<\/a>\r\n\t\t\t<span class=\"overlay\"><i class=\"ot-flaticon-add\"><\/i><\/span>\r\n\t\t<\/div>\r\n\t\t<div class=\"portfolio-info\">\r\n\t\t\t<div class=\"portfolio-info-inner\">\r\n\t\t\t\t<h5><a class=\"title-link\" href=\"https:\/\/ignisart.eu\/hr\/portfolio\/karlo-vudric-ne-pusi-jugo\/\">Karlo Vudri\u0107 &#8211; Ne pu\u0161i jugo<\/a><\/h5>\r\n\t\t\t\t<p class=\"portfolio-cates\"><a href=\"https:\/\/ignisart.eu\/hr\/portfolio-category\/music-video\/\">Music video<\/a><\/p> \r\n\t\t\t<\/div>\r\n\t\t\t<a class=\"overlay\" href=\"https:\/\/ignisart.eu\/hr\/portfolio\/karlo-vudric-ne-pusi-jugo\/\"><\/a>\r\n\t\t<\/div>\r\n\t<\/div>\r\n<\/div><div class=\"project-items swiper-slide\">\r\n\t<div class=\"projects-box\">\r\n\t\t<div class=\"projects-thumbnail\">\r\n\t\t\t<a href=\"https:\/\/ignisart.eu\/hr\/portfolio\/borik-beach-bar-restaurant-beach-party\/\">\r\n\t\t\t\t<img loading=\"lazy\" decoding=\"async\" width=\"720\" height=\"720\" src=\"https:\/\/ignisart.eu\/wp-content\/uploads\/2021\/08\/Borik2-features-720x720.jpg\" class=\"attachment-theratio-portfolio-thumbnail-grid size-theratio-portfolio-thumbnail-grid wp-post-image\" alt=\"\" srcset=\"https:\/\/ignisart.eu\/wp-content\/uploads\/2021\/08\/Borik2-features-720x720.jpg 720w, https:\/\/ignisart.eu\/wp-content\/uploads\/2021\/08\/Borik2-features-150x150.jpg 150w\" sizes=\"(max-width: 720px) 100vw, 720px\" \/>\t\t\t<\/a>\r\n\t\t\t<span class=\"overlay\"><i class=\"ot-flaticon-add\"><\/i><\/span>\r\n\t\t<\/div>\r\n\t\t<div class=\"portfolio-info\">\r\n\t\t\t<div class=\"portfolio-info-inner\">\r\n\t\t\t\t<h5><a class=\"title-link\" href=\"https:\/\/ignisart.eu\/hr\/portfolio\/borik-beach-bar-restaurant-beach-party\/\">Beach party<\/a><\/h5>\r\n\t\t\t\t<p class=\"portfolio-cates\"><a href=\"https:\/\/ignisart.eu\/hr\/portfolio-category\/aftermovie\/\">Aftermovie<\/a><\/p> \r\n\t\t\t<\/div>\r\n\t\t\t<a class=\"overlay\" href=\"https:\/\/ignisart.eu\/hr\/portfolio\/borik-beach-bar-restaurant-beach-party\/\"><\/a>\r\n\t\t<\/div>\r\n\t<\/div>\r\n<\/div>\t\t\t<\/div>\r\n\t\t\t\t\t\t\t\t\t<!-- Add Dots -->\r\n\t\t\t<div class=\"octf-swiper-pagination\"><\/div>\r\n\t\t\t\t    <\/div>\r\n\t    \t\t\t\t<\/div>\n\t\t\t\t<\/div>\n\t\t\t\t\t<\/div>\n\t\t<\/div>\n\t\t\t\t\t<\/div>\n\t\t<\/section>\n\t\t\t\t<\/div>","protected":false},"excerpt":{"rendered":"<p>[ our portfolio ] Some of Our Works and Case Studies for Clients Stylish Family Appartment Interior Minimal Guests House DecorInterior Art Family Residence Architecture Private House in Spain Furniture [&hellip;]<\/p>","protected":false},"author":1,"featured_media":0,"parent":0,"menu_order":0,"comment_status":"closed","ping_status":"closed","template":"","meta":{"footnotes":""},"class_list":["post-4194","page","type-page","status-publish","hentry"],"_links":{"self":[{"href":"https:\/\/ignisart.eu\/hr\/wp-json\/wp\/v2\/pages\/4194","targetHints":{"allow":["GET"]}}],"collection":[{"href":"https:\/\/ignisart.eu\/hr\/wp-json\/wp\/v2\/pages"}],"about":[{"href":"https:\/\/ignisart.eu\/hr\/wp-json\/wp\/v2\/types\/page"}],"author":[{"embeddable":true,"href":"https:\/\/ignisart.eu\/hr\/wp-json\/wp\/v2\/users\/1"}],"replies":[{"embeddable":true,"href":"https:\/\/ignisart.eu\/hr\/wp-json\/wp\/v2\/comments?post=4194"}],"version-history":[{"count":0,"href":"https:\/\/ignisart.eu\/hr\/wp-json\/wp\/v2\/pages\/4194\/revisions"}],"wp:attachment":[{"href":"https:\/\/ignisart.eu\/hr\/wp-json\/wp\/v2\/media?parent=4194"}],"curies":[{"name":"wp","href":"https:\/\/api.w.org\/{rel}","templated":true}]}}